{"id":509,"date":"2026-02-16T17:41:30","date_gmt":"2026-02-16T17:41:30","guid":{"rendered":"https:\/\/resendepinho.com\/?page_id=509"},"modified":"2026-02-16T17:43:34","modified_gmt":"2026-02-16T17:43:34","slug":"politica-de-cookies","status":"publish","type":"page","link":"https:\/\/resendepinho.com\/en\/politica-de-cookies\/","title":{"rendered":"Cookie Policy"},"content":{"rendered":"<p>[et_pb_section fb_built=&#8221;1&#8243; _builder_version=&#8221;4.27.5&#8243; _module_preset=&#8221;default&#8221; global_colors_info=&#8221;{}&#8221;][et_pb_row _builder_version=&#8221;4.27.5&#8243; _module_preset=&#8221;default&#8221; global_colors_info=&#8221;{}&#8221;][et_pb_column type=&#8221;4_4&#8243; _builder_version=&#8221;4.27.5&#8243; _module_preset=&#8221;default&#8221; global_colors_info=&#8221;{}&#8221;][et_pb_text _builder_version=&#8221;4.27.5&#8243; _module_preset=&#8221;default&#8221; text_font=&#8221;&#8211;et_global_heading_font|&#8211;et_global_body_font_weight|||||||&#8221; text_font_size=&#8221;18px&#8221; hover_enabled=&#8221;0&#8243; global_colors_info=&#8221;{}&#8221; link_text_color=&#8221;#000000&#8243; sticky_enabled=&#8221;0&#8243;]<\/p>\n<div class=\"flex flex-col text-sm pb-25\">\n<article class=\"text-token-text-primary w-full focus:outline-none [--shadow-height:45px] has-data-writing-block:pointer-events-none has-data-writing-block:-mt-(--shadow-height) has-data-writing-block:pt-(--shadow-height) [&amp;:has([data-writing-block])&gt;*]:pointer-events-auto [content-visibility:auto] supports-[content-visibility:auto]:[contain-intrinsic-size:auto_100lvh] scroll-mt-[calc(var(--header-height)+min(200px,max(70px,20svh)))]\" dir=\"auto\" data-turn-id=\"request-WEB:c5b0b9fb-2145-4c67-9dd7-56c609a0b9c5-0\" data-testid=\"conversation-turn-2\" data-scroll-anchor=\"true\" data-turn=\"assistant\" tabindex=\"-1\">\n<div class=\"text-base my-auto mx-auto pb-10 [--thread-content-margin:--spacing(4)] @w-sm\/main:[--thread-content-margin:--spacing(6)] @w-lg\/main:[--thread-content-margin:--spacing(16)] px-(--thread-content-margin)\">\n<div class=\"[--thread-content-max-width:40rem] @w-lg\/main:[--thread-content-max-width:48rem] mx-auto max-w-(--thread-content-max-width) flex-1 group\/turn-messages focus-visible:outline-hidden relative flex w-full min-w-0 flex-col agent-turn\" tabindex=\"-1\">\n<div class=\"flex max-w-full flex-col grow\">\n<div data-message-author-role=\"assistant\" data-message-id=\"9deddf4e-a4cb-41a0-8bb4-f82df5d2e646\" dir=\"auto\" class=\"min-h-8 text-message relative flex w-full flex-col items-end gap-2 text-start break-words whitespace-normal [.text-message+&amp;]:mt-1\" data-message-model-slug=\"gpt-5-2\">\n<div class=\"flex w-full flex-col gap-1 empty:hidden first:pt-[1px]\">\n<div class=\"markdown prose dark:prose-invert w-full wrap-break-word dark markdown-new-styling\">\n<h1 data-start=\"59\" data-end=\"80\">Pol\u00edtica de Cookies<\/h1>\n<p data-start=\"82\" data-end=\"129\"><strong data-start=\"82\" data-end=\"129\">\u00daltima atualiza\u00e7\u00e3o: 16 de fevereiro de 2026<\/strong><\/p>\n<p data-start=\"131\" data-end=\"462\">Esta Pol\u00edtica de Cookies explica o que s\u00e3o Cookies e como os utilizamos. Deve ler esta pol\u00edtica para compreender que tipo de cookies utilizamos, ou que informa\u00e7\u00f5es recolhemos atrav\u00e9s dos Cookies e como essas informa\u00e7\u00f5es s\u00e3o utilizadas. Esta Pol\u00edtica de Cookies foi criada com a ajuda do Gerador de Pol\u00edtica de Cookies da TermsFeed.<\/p>\n<p data-start=\"464\" data-end=\"902\">Os Cookies n\u00e3o cont\u00eam, normalmente, qualquer informa\u00e7\u00e3o que identifique pessoalmente um utilizador, mas as informa\u00e7\u00f5es pessoais que armazenamos sobre si podem estar associadas \u00e0s informa\u00e7\u00f5es armazenadas e obtidas atrav\u00e9s dos Cookies. Para mais informa\u00e7\u00f5es sobre como utilizamos, armazenamos e mantemos seguros os seus dados pessoais, consulte a nossa Pol\u00edtica de Privacidade, quando a mesma estiver dispon\u00edvel no Website ou no nosso site.<\/p>\n<p data-start=\"904\" data-end=\"1030\">N\u00e3o armazenamos informa\u00e7\u00f5es pessoais sens\u00edveis, tais como moradas, palavras-passe de contas, etc., nos Cookies que utilizamos.<\/p>\n<hr data-start=\"1032\" data-end=\"1035\" \/>\n<h2 data-start=\"1037\" data-end=\"1066\">Interpreta\u00e7\u00e3o e Defini\u00e7\u00f5es<\/h2>\n<h3 data-start=\"1068\" data-end=\"1085\">Interpreta\u00e7\u00e3o<\/h3>\n<p data-start=\"1087\" data-end=\"1298\">As palavras cuja primeira letra est\u00e1 em mai\u00fascula t\u00eam os significados definidos nas condi\u00e7\u00f5es seguintes. As defini\u00e7\u00f5es seguintes ter\u00e3o o mesmo significado, independentemente de surgirem no singular ou no plural.<\/p>\n<h3 data-start=\"1300\" data-end=\"1314\">Defini\u00e7\u00f5es<\/h3>\n<p data-start=\"1316\" data-end=\"1361\">Para efeitos da presente Pol\u00edtica de Cookies:<\/p>\n<ul data-start=\"1363\" data-end=\"2062\">\n<li data-start=\"1363\" data-end=\"1556\">\n<p data-start=\"1365\" data-end=\"1556\"><strong data-start=\"1365\" data-end=\"1376\">Empresa<\/strong> (referida como \u201ca Empresa\u201d, \u201cN\u00f3s\u201d, \u201cNos\u201d ou \u201cNosso\/a\u201d nesta Pol\u00edtica de Cookies) refere-se a Resende &amp; Pinho LDA, Rua do Infant\u00e1rio, N\u00ba51, 3720-746 S\u00e3o Roque, Oliveira de Azem\u00e9is.<\/p>\n<\/li>\n<li data-start=\"1558\" data-end=\"1790\">\n<p data-start=\"1560\" data-end=\"1790\"><strong data-start=\"1560\" data-end=\"1571\">Cookies<\/strong> significa pequenos ficheiros que s\u00e3o colocados no seu computador, dispositivo m\u00f3vel ou qualquer outro dispositivo por um website, contendo detalhes do seu hist\u00f3rico de navega\u00e7\u00e3o nesse website, entre outras utiliza\u00e7\u00f5es.<\/p>\n<\/li>\n<li data-start=\"1792\" data-end=\"1859\">\n<p data-start=\"1794\" data-end=\"1859\"><strong data-start=\"1794\" data-end=\"1805\">Website<\/strong> refere-se a AXN Shoes, acess\u00edvel em resendepinho.com.<\/p>\n<\/li>\n<li data-start=\"1861\" data-end=\"2062\">\n<p data-start=\"1863\" data-end=\"2062\"><strong data-start=\"1863\" data-end=\"1871\">Voc\u00ea<\/strong> significa o indiv\u00edduo que acede ou utiliza o Website, ou uma empresa ou qualquer entidade jur\u00eddica em nome da qual esse indiv\u00edduo esteja a aceder ou a utilizar o Website, conforme aplic\u00e1vel.<\/p>\n<\/li>\n<\/ul>\n<hr data-start=\"2064\" data-end=\"2067\" \/>\n<h2 data-start=\"2069\" data-end=\"2093\">Utiliza\u00e7\u00e3o de Cookies<\/h2>\n<h3 data-start=\"2095\" data-end=\"2130\">Tipos de Cookies que Utilizamos<\/h3>\n<p data-start=\"2132\" data-end=\"2364\">Os Cookies podem ser \u201cPersistentes\u201d ou \u201cde Sess\u00e3o\u201d. Os Cookies Persistentes permanecem no seu computador pessoal ou dispositivo m\u00f3vel quando fica offline, enquanto os Cookies de Sess\u00e3o s\u00e3o eliminados assim que fecha o seu navegador.<\/p>\n<p data-start=\"2366\" data-end=\"2623\">Sempre que exigido por lei, solicitaremos o seu consentimento antes de utilizar Cookies que n\u00e3o sejam estritamente necess\u00e1rios. Os Cookies estritamente necess\u00e1rios s\u00e3o utilizados para disponibilizar o Website e n\u00e3o podem ser desativados nos nossos sistemas.<\/p>\n<p data-start=\"2625\" data-end=\"2707\">Utilizamos Cookies de Sess\u00e3o e Cookies Persistentes para os fins descritos abaixo:<\/p>\n<h3 data-start=\"2709\" data-end=\"2745\">Cookies Necess\u00e1rios \/ Essenciais<\/h3>\n<ul data-start=\"2747\" data-end=\"3206\">\n<li data-start=\"2747\" data-end=\"2778\">\n<p data-start=\"2749\" data-end=\"2778\"><strong data-start=\"2749\" data-end=\"2758\">Tipo:<\/strong> Cookies de Sess\u00e3o<\/p>\n<\/li>\n<li data-start=\"2779\" data-end=\"2809\">\n<p data-start=\"2781\" data-end=\"2809\"><strong data-start=\"2781\" data-end=\"2803\">Administrados por:<\/strong> N\u00f3s<\/p>\n<\/li>\n<li data-start=\"2810\" data-end=\"3206\">\n<p data-start=\"2812\" data-end=\"3206\"><strong data-start=\"2812\" data-end=\"2827\">Finalidade:<\/strong> Estes Cookies s\u00e3o essenciais para lhe fornecer os servi\u00e7os dispon\u00edveis atrav\u00e9s do Website e para permitir a utiliza\u00e7\u00e3o de algumas das suas funcionalidades. Ajudam a autenticar utilizadores e a prevenir a utiliza\u00e7\u00e3o fraudulenta de contas de utilizador. Sem estes Cookies, os servi\u00e7os que solicitou n\u00e3o podem ser prestados, e utilizamo-los apenas para lhe fornecer esses servi\u00e7os.<\/p>\n<\/li>\n<\/ul>\n<h3 data-start=\"3208\" data-end=\"3237\">Cookies de Funcionalidade<\/h3>\n<ul data-start=\"3239\" data-end=\"3664\">\n<li data-start=\"3239\" data-end=\"3273\">\n<p data-start=\"3241\" data-end=\"3273\"><strong data-start=\"3241\" data-end=\"3250\">Tipo:<\/strong> Cookies Persistentes<\/p>\n<\/li>\n<li data-start=\"3274\" data-end=\"3304\">\n<p data-start=\"3276\" data-end=\"3304\"><strong data-start=\"3276\" data-end=\"3298\">Administrados por:<\/strong> N\u00f3s<\/p>\n<\/li>\n<li data-start=\"3305\" data-end=\"3664\">\n<p data-start=\"3307\" data-end=\"3664\"><strong data-start=\"3307\" data-end=\"3322\">Finalidade:<\/strong> Estes Cookies permitem-nos recordar as escolhas que faz quando utiliza o Website, tais como memorizar os seus dados de in\u00edcio de sess\u00e3o ou a sua prefer\u00eancia de idioma. O objetivo destes Cookies \u00e9 proporcionar-lhe uma experi\u00eancia mais personalizada e evitar que tenha de introduzir novamente as suas prefer\u00eancias sempre que utiliza o Website.<\/p>\n<\/li>\n<\/ul>\n<hr data-start=\"3666\" data-end=\"3669\" \/>\n<h2 data-start=\"3671\" data-end=\"3714\">As Suas Op\u00e7\u00f5es Relativamente aos Cookies<\/h2>\n<p data-start=\"3716\" data-end=\"4004\">Se preferir evitar a utiliza\u00e7\u00e3o de Cookies no Website, dever\u00e1 primeiro desativar a utiliza\u00e7\u00e3o de Cookies no seu navegador e, em seguida, eliminar os Cookies guardados no seu navegador associados ao Website. Pode utilizar esta op\u00e7\u00e3o para impedir a utiliza\u00e7\u00e3o de Cookies a qualquer momento.<\/p>\n<p data-start=\"4006\" data-end=\"4162\">Se n\u00e3o aceitar os nossos Cookies, poder\u00e1 sentir alguns inconvenientes na utiliza\u00e7\u00e3o do Website e algumas funcionalidades poder\u00e3o n\u00e3o funcionar corretamente.<\/p>\n<p data-start=\"4164\" data-end=\"4302\">Se pretender eliminar Cookies ou configurar o seu navegador para eliminar ou recusar Cookies, visite as p\u00e1ginas de ajuda do seu navegador:<\/p>\n<ul data-start=\"4304\" data-end=\"4776\">\n<li data-start=\"4304\" data-end=\"4385\">\n<p data-start=\"4306\" data-end=\"4385\">Para o navegador Chrome:<br data-start=\"4330\" data-end=\"4333\" \/><a data-start=\"4335\" data-end=\"4383\" rel=\"noopener\" target=\"_new\" class=\"decorated-link\" href=\"https:\/\/support.google.com\/accounts\/answer\/32050\">https:\/\/support.google.com\/accounts\/answer\/32050<span aria-hidden=\"true\" class=\"ms-0.5 inline-block align-middle leading-none\"><svg xmlns=\"http:\/\/www.w3.org\/2000\/svg\" width=\"20\" height=\"20\" aria-hidden=\"true\" data-rtl-flip=\"\" class=\"block h-[0.75em] w-[0.75em] stroke-current stroke-[0.75]\"><use href=\"\/cdn\/assets\/sprites-core-gvfid0kn.svg#304883\" fill=\"currentColor\"><\/use><\/svg><\/span><\/a><\/p>\n<\/li>\n<li data-start=\"4387\" data-end=\"4542\">\n<p data-start=\"4389\" data-end=\"4542\">Para o navegador Microsoft Edge:<br data-start=\"4421\" data-end=\"4424\" \/><a data-start=\"4426\" data-end=\"4540\" rel=\"noopener\" target=\"_new\" class=\"decorated-link\" href=\"https:\/\/support.microsoft.com\/microsoft-edge\/delete-cookies-in-microsoft-edge-63947406-40ac-c3b8-57b9-2a946a29ae09\">https:\/\/support.microsoft.com\/microsoft-edge\/delete-cookies-in-microsoft-edge-63947406-40ac-c3b8-57b9-2a946a29ae09<span aria-hidden=\"true\" class=\"ms-0.5 inline-block align-middle leading-none\"><svg xmlns=\"http:\/\/www.w3.org\/2000\/svg\" width=\"20\" height=\"20\" aria-hidden=\"true\" data-rtl-flip=\"\" class=\"block h-[0.75em] w-[0.75em] stroke-current stroke-[0.75]\"><use href=\"\/cdn\/assets\/sprites-core-gvfid0kn.svg#304883\" fill=\"currentColor\"><\/use><\/svg><\/span><\/a><\/p>\n<\/li>\n<li data-start=\"4544\" data-end=\"4657\">\n<p data-start=\"4546\" data-end=\"4657\">Para o navegador Firefox:<br data-start=\"4571\" data-end=\"4574\" \/><a data-start=\"4576\" data-end=\"4655\" rel=\"noopener\" target=\"_new\" class=\"decorated-link\" href=\"https:\/\/support.mozilla.org\/en-US\/kb\/delete-cookies-remove-info-websites-stored\">https:\/\/support.mozilla.org\/en-US\/kb\/delete-cookies-remove-info-websites-stored<span aria-hidden=\"true\" class=\"ms-0.5 inline-block align-middle leading-none\"><svg xmlns=\"http:\/\/www.w3.org\/2000\/svg\" width=\"20\" height=\"20\" aria-hidden=\"true\" data-rtl-flip=\"\" class=\"block h-[0.75em] w-[0.75em] stroke-current stroke-[0.75]\"><use href=\"\/cdn\/assets\/sprites-core-gvfid0kn.svg#304883\" fill=\"currentColor\"><\/use><\/svg><\/span><\/a><\/p>\n<\/li>\n<li data-start=\"4659\" data-end=\"4776\">\n<p data-start=\"4661\" data-end=\"4776\">Para o navegador Safari:<br data-start=\"4685\" data-end=\"4688\" \/><a data-start=\"4690\" data-end=\"4774\" rel=\"noopener\" target=\"_new\" class=\"decorated-link\" href=\"https:\/\/support.apple.com\/guide\/safari\/manage-cookies-and-website-data-sfri11471\/mac\">https:\/\/support.apple.com\/guide\/safari\/manage-cookies-and-website-data-sfri11471\/mac<span aria-hidden=\"true\" class=\"ms-0.5 inline-block align-middle leading-none\"><svg xmlns=\"http:\/\/www.w3.org\/2000\/svg\" width=\"20\" height=\"20\" aria-hidden=\"true\" data-rtl-flip=\"\" class=\"block h-[0.75em] w-[0.75em] stroke-current stroke-[0.75]\"><use href=\"\/cdn\/assets\/sprites-core-gvfid0kn.svg#304883\" fill=\"currentColor\"><\/use><\/svg><\/span><\/a><\/p>\n<\/li>\n<\/ul>\n<p data-start=\"4778\" data-end=\"4861\">Para qualquer outro navegador, consulte as p\u00e1ginas oficiais do respetivo navegador.<\/p>\n<hr data-start=\"4863\" data-end=\"4866\" \/>\n<h2 data-start=\"4868\" data-end=\"4908\">Altera\u00e7\u00f5es a esta Pol\u00edtica de Cookies<\/h2>\n<p data-start=\"4910\" data-end=\"5050\">Podemos atualizar esta Pol\u00edtica de Cookies periodicamente. A data de \u201c\u00daltima atualiza\u00e7\u00e3o\u201d no topo indica quando foi revista pela \u00faltima vez.<\/p>\n<hr data-start=\"5052\" data-end=\"5055\" \/>\n<h2 data-start=\"5057\" data-end=\"5072\">Contacte-nos<\/h2>\n<p data-start=\"5074\" data-end=\"5149\">Se tiver alguma quest\u00e3o sobre esta Pol\u00edtica de Cookies, pode contactar-nos:<\/p>\n<ul data-start=\"5151\" data-end=\"5192\" data-is-last-node=\"\" data-is-only-node=\"\">\n<li data-start=\"5151\" data-end=\"5192\" data-is-last-node=\"\">\n<p data-start=\"5153\" data-end=\"5192\" data-is-last-node=\"\">Por e-mail: <a data-start=\"5165\" data-end=\"5192\" data-is-last-node=\"\" class=\"decorated-link cursor-pointer\" rel=\"noopener\">axnsapatos@resendepinho.com<span aria-hidden=\"true\" class=\"ms-0.5 inline-block align-middle leading-none\"><svg xmlns=\"http:\/\/www.w3.org\/2000\/svg\" width=\"20\" height=\"20\" aria-hidden=\"true\" data-rtl-flip=\"\" class=\"block h-[0.75em] w-[0.75em] stroke-current stroke-[0.75]\"><use href=\"\/cdn\/assets\/sprites-core-gvfid0kn.svg#304883\" fill=\"currentColor\"><\/use><\/svg><\/span><\/a><\/p>\n<\/li>\n<\/ul>\n<\/div>\n<\/div>\n<\/div>\n<\/div>\n<div class=\"z-0 flex min-h-[46px] justify-start\"><\/div>\n<div class=\"mt-3 w-full empty:hidden\">\n<div class=\"text-center\"><\/div>\n<\/div>\n<\/div>\n<\/div>\n<\/article>\n<\/div>\n<div aria-hidden=\"true\" data-edge=\"true\" class=\"pointer-events-none h-px w-px absolute bottom-0\"><\/div>\n<p>[\/et_pb_text][\/et_pb_column][\/et_pb_row][\/et_pb_section]<\/p>\n","protected":false},"excerpt":{"rendered":"<p>Pol\u00edtica de Cookies \u00daltima atualiza\u00e7\u00e3o: 16 de fevereiro de 2026 Esta Pol\u00edtica de Cookies explica o que s\u00e3o Cookies e como os utilizamos. Deve ler esta pol\u00edtica para compreender que tipo de cookies utilizamos, ou que informa\u00e7\u00f5es recolhemos atrav\u00e9s dos Cookies e como essas informa\u00e7\u00f5es s\u00e3o utilizadas. Esta Pol\u00edtica de Cookies foi criada com a [&hellip;]<\/p>\n","protected":false},"author":1,"featured_media":0,"parent":0,"menu_order":0,"comment_status":"closed","ping_status":"closed","template":"","meta":{"_et_pb_use_builder":"on","_et_pb_old_content":"","_et_gb_content_width":"","_monsterinsights_skip_tracking":false,"_monsterinsights_sitenote_active":false,"_monsterinsights_sitenote_note":"","_monsterinsights_sitenote_category":0,"footnotes":""},"class_list":["post-509","page","type-page","status-publish","hentry"],"_links":{"self":[{"href":"https:\/\/resendepinho.com\/en\/wp-json\/wp\/v2\/pages\/509","targetHints":{"allow":["GET"]}}],"collection":[{"href":"https:\/\/resendepinho.com\/en\/wp-json\/wp\/v2\/pages"}],"about":[{"href":"https:\/\/resendepinho.com\/en\/wp-json\/wp\/v2\/types\/page"}],"author":[{"embeddable":true,"href":"https:\/\/resendepinho.com\/en\/wp-json\/wp\/v2\/users\/1"}],"replies":[{"embeddable":true,"href":"https:\/\/resendepinho.com\/en\/wp-json\/wp\/v2\/comments?post=509"}],"version-history":[{"count":3,"href":"https:\/\/resendepinho.com\/en\/wp-json\/wp\/v2\/pages\/509\/revisions"}],"predecessor-version":[{"id":513,"href":"https:\/\/resendepinho.com\/en\/wp-json\/wp\/v2\/pages\/509\/revisions\/513"}],"wp:attachment":[{"href":"https:\/\/resendepinho.com\/en\/wp-json\/wp\/v2\/media?parent=509"}],"curies":[{"name":"wp","href":"https:\/\/api.w.org\/{rel}","templated":true}]}}